{"id":1317,"date":"2016-12-09T03:46:55","date_gmt":"2016-12-09T03:46:55","guid":{"rendered":"http:\/\/phuthanh585.com\/wp\/?page_id=1317"},"modified":"2025-09-22T11:34:04","modified_gmt":"2025-09-22T04:34:04","slug":"gioi-thieu","status":"publish","type":"page","link":"https:\/\/linaclinic.com\/vi\/gioi-thieu\/","title":{"rendered":"Gi\u1edbi thi\u1ec7u"},"content":{"rendered":"<p>[vc_row css=&#8221;.vc_custom_1441619155187{margin-bottom: 50px !important;}&#8221;][vc_column][rev_slider_vc alias=&#8221;gioi-thieu&#8221;][vc_row_inner][vc_column_inner width=&#8221;5\/6&#8243;][vc_custom_heading text=&#8221;V\u1ec1 ch\u00fang t\u00f4i&#8230;&#8221; use_theme_fonts=&#8221;yes&#8221;][vc_column_text]<\/p>\n<p class=\"p1\"><span class=\"s1\">\u0110\u01b0\u1ee3c th\u00e0nh l\u1eadp n\u0103m 2017, v\u1edbi m\u00f4 h\u00ecnh ph\u00f2ng kh\u00e1m Nha khoa nh\u1ecf, quy m\u00f4 v\u1eeba ph\u1ea3i. Ch\u00fang t\u00f4i mu\u1ed1n t\u1ea1o ra s\u1ef1\u00a0kh\u00e1c bi\u1ec7t b\u1eb1ng kh\u00f4ng gian ph\u00f2ng kh\u00e1m \u1ea5m c\u00fang, s\u1ef1 ph\u1ee5c v\u1ee5 chu \u0111\u00e1o, s\u1ef1 l\u1eafng nghe &#8211; th\u1ea5u hi\u1ec3u v\u00e0 s\u1ef1 t\u1eadn t\u00ecnh c\u1ee7a Nha s\u0129 \u0111i\u1ec1u tr\u1ecb.<\/span><\/p>\n<p class=\"p1\">Ch\u00fang t\u00f4i b\u1eaft \u0111\u1ea7u ch\u1ec9 v\u1edbi m\u1ed9t gh\u1ebf nha khoa trong m\u1ed9t kh\u00f4ng gian r\u1ed9ng r\u00e3i, sang tr\u1ecdng v\u00e0 tr\u01b0\u1edbc m\u1eaft ch\u1ec9 m\u1ed9t Nha s\u0129 \u0111i\u1ec1u tr\u1ecb. Ch\u00fang t\u00f4i cho r\u1eb1ng, v\u1edbi m\u00f4 h\u00ecnh v\u1eeba &#8211; nh\u1ecf, v\u1edbi ch\u1ec9 m\u1ed9t Nha s\u0129 ph\u1ee5 tr\u00e1ch nh\u01b0 v\u1eady s\u1ebd cho ph\u00e9p ch\u00fang t\u00f4i d\u00e0nh nhi\u1ec1u th\u1eddi gian b\u00ean c\u1ea1nh Kh\u00e1ch h\u00e0ng h\u01a1n, \u0111\u1ec3 l\u1eafng nghe, th\u1ea3o lu\u1eadn, \u0111\u01b0a ra ph\u00e1c \u0111\u1ed3 \u0111i\u1ec1u tr\u1ecb ph\u00f9 h\u1ee3p nh\u1ea5t. V\u00e0 quan tr\u1ecdng h\u01a1n c\u1ea3, ch\u00fang t\u00f4i s\u1ebd c\u00f3 nhi\u1ec1u th\u1eddi gian \u0111\u1ec3 ch\u0103m s\u00f3c, \u0111i\u1ec1u tr\u1ecb, th\u1ef1c hi\u1ec7n c\u00f4ng vi\u1ec7c chuy\u00ean m\u00f4n m\u1ed9t c\u00e1ch chuy\u00ean nghi\u1ec7p, c\u1ea9n tr\u1ecdng, t\u1ec9 m\u1ec9.<\/p>\n<p class=\"p1\"><span class=\"s1\">B\u1ea1n l\u00e0 ng\u01b0\u1eddi n\u01b0\u1edbc ngo\u00e0i, b\u1ea1n \u0111ang kh\u00f4ng r\u00f5 c\u00e1c Nha s\u0129 \u1edf Vi\u1ec7t Nam c\u00f3 th\u1ec3 hi\u1ec3u \u0111\u01b0\u1ee3c nh\u1eefng lo l\u1eafng c\u1ee7a b\u1ea1n b\u1eb1ng ti\u1ebfng Anh ho\u1eb7c ng\u00f4n ng\u1eef kh\u00e1c? B\u1ea1n \u0111ang t\u00ecm ki\u1ebfm m\u1ed9t Nha s\u0129 c\u00f3 th\u1ec3 tr\u00f2 chuy\u1ec7n, trao \u0111\u1ed5i v\u1edbi b\u1ea1n b\u1eb1ng ng\u00f4n ng\u1eef th\u00f4ng d\u1ee5ng nh\u1ea5t tr\u00ean Th\u1ebf gi\u1edbi nh\u01b0 ti\u1ebfng Anh, ti\u1ebfng Nga? \u0110i\u1ec1u n\u00e0y r\u1ea5t quan tr\u1ecdng, khi b\u1ea1n mu\u1ed1n truy\u1ec1n t\u1ea3i nh\u1eefng lo l\u1eafng c\u1ee7a m\u00ecnh t\u1edbi Nha s\u0129 v\u00e0 Nha s\u0129 hi\u1ec3u r\u00f5 b\u1ea1n mu\u1ed1n g\u00ec. M\u1ed9t \u0111i\u1ec3m \u0111\u1eb7c bi\u1ec7t n\u1eefa m\u00e0 ch\u00fang t\u00f4i mu\u1ed1n nh\u1ea5n m\u1ea1nh, Nha s\u0129 c\u1ee7a ch\u00fang t\u00f4i c\u00f3 th\u1ec3 t\u1ef1 tin trao \u0111\u1ed5i b\u1eb1ng ba ng\u00f4n ng\u1eef: ti\u1ebfng Nga, ti\u1ebfng Vi\u1ec7t v\u00e0 ti\u1ebfng Anh.<\/span><\/p>\n<p>Ngo\u00e0i ra, \u0111\u1ec3 \u0111\u1ea3m b\u1ea3o s\u1ef1 an t\u00e2m tuy\u1ec7t \u0111\u1ed1i b\u1ea1n, <b>Lina Dental Clinic<\/b> cam k\u1ebft ho\u1ea1t \u0111\u1ed9ng h\u1ee3p ph\u00e1p v\u00e0 minh b\u1ea1ch. Ch\u00fang t\u00f4i \u0111\u00e3 \u0111\u01b0\u1ee3c S\u1edf Y t\u1ebf th\u00e0nh ph\u1ed1 H\u1ed3 Ch\u00ed Minh c\u1ea5p \u0111\u1ea7y \u0111\u1ee7 c\u00e1c gi\u1ea5y ph\u00e9p ho\u1ea1t \u0111\u1ed9ng c\u1ea7n thi\u1ebft theo <a href=\"https:\/\/drive.google.com\/file\/d\/1__NzJqemD5sJhVK0zyjfbzEQsTrULbOi\/view?usp=share_link\">gi\u1ea5y ph\u00e9p s\u1ed1 06378\/HCM-GPH\u0110<\/a> v\u00e0 <a href=\"https:\/\/drive.google.com\/file\/d\/1uC1b6ghK4I8cL4Ew3U--ENqxC7DYk8lE\/view?usp=share_link\">Quy\u1ebft \u0111\u1ecbnh ph\u00ea duy\u1ec7t danh m\u1ee5c k\u1ef9 thu\u1eadt s\u1ed1 13\/-SYT<\/a>,\u00a0\u0111\u1ea3m b\u1ea3o m\u1ecdi d\u1ecbch v\u1ee5 v\u00e0 quy tr\u00ecnh t\u1ea1i ph\u00f2ng kh\u00e1m \u0111\u1ec1u tu\u00e2n th\u1ee7 nghi\u00eam ng\u1eb7t c\u00e1c quy \u0111\u1ecbnh c\u1ee7a ph\u00e1p lu\u1eadt.[\/vc_column_text][vc_custom_heading text=&#8221;Quy\u1ec1n l\u1ee3i c\u1ee7a Kh\u00e1ch h\u00e0ng:&#8221; use_theme_fonts=&#8221;yes&#8221;][vc_column_text]<em><strong>\u0110\u01b0\u1ee3c t\u00f4n tr\u1ecdng<\/strong><\/em><\/p>\n<p>M\u1ed7i Kh\u00e1ch h\u00e0ng \u0111\u1ec1u \u0111\u01b0\u1ee3c \u0111\u1ed1i x\u1eed \u00e2n c\u1ea7n, chu \u0111\u00e1o v\u00e0 d\u1ef1a tr\u00ean s\u1ef1 t\u00f4n tr\u1ecdng l\u1eabn nhau.<\/p>\n<p><em><strong>Quy\u1ec1n quy\u1ebft \u0111\u1ecbnh<\/strong><\/em><\/p>\n<p>Kh\u00e1ch h\u00e0ng ho\u00e0n to\u00e0n c\u00f3 quy\u1ec1n t\u1ef1 quy\u1ebft \u0111\u1ecbnh vi\u1ec7c \u0111i\u1ec1u tr\u1ecb c\u1ee7a b\u1ea3n th\u00e2n, to\u00e0n quy\u1ec1n \u0111\u01b0\u1ee3c b\u1ea3o m\u1eadt l\u1ecbch s\u1eed \u0111i\u1ec1u tr\u1ecb v\u00e0 th\u00f4ng tin c\u00e1 nh\u00e2n.<\/p>\n<p><em><strong>Trung th\u1ef1c<\/strong><\/em><\/p>\n<p>Nha s\u0129 c\u1ee7a ch\u00fang t\u00f4i c\u00f3 ngh\u0129a v\u1ee5 ph\u1ea3i trung th\u1ef1c v\u1edbi Kh\u00e1ch h\u00e0ng v\u00e0 gia \u0111\u00ecnh c\u1ee7a h\u1ecd. Kh\u00f4ng che gi\u1ea5u th\u00f4ng tin ho\u1eb7c \u0111\u01b0a th\u00f4ng tin sai l\u1ec7ch l\u00e0m \u1ea3nh h\u01b0\u1edfng \u0111\u1ebfn nh\u1eefng quy\u1ebft \u0111\u1ecbnh \u0111i\u1ec1u tr\u1ecb.<\/p>\n<p><em><strong>Thi\u1ec7n ch\u00ed<\/strong><\/em><\/p>\n<p>Ch\u1ec9 th\u1ef1c hi\u1ec7n nh\u1eefng \u0111i\u1ec1u mang l\u1ea1i l\u1ee3i \u00edch cho Kh\u00e1ch h\u00e0ng.<\/p>\n<p><em><strong>Nh\u00e2n \u00e1i<\/strong><\/em><\/p>\n<p>Nha s\u0129 ph\u1ea3i l\u00e0m theo l\u1eddi th\u1ec1 Y \u0111\u1ee9c (Hippocrate) &#8220;Kh\u00f4ng g\u00e2y h\u1ea1i cho b\u1ec7nh nh\u00e2n&#8221;.<\/p>\n<p><em><strong>B\u00ecnh \u0111\u1eb3ng<\/strong><\/em><\/p>\n<p>M\u1ed7i Kh\u00e1ch h\u00e0ng \u0111\u1ec1u c\u00f3 quy\u1ec1n b\u00ecnh \u0111\u1eb3ng nh\u01b0 nhau, d\u00f9 l\u00e0 ai c\u0169ng ph\u1ea3i \u0111\u01b0\u1ee3c \u0111i\u1ec1u tr\u1ecb v\u1edbi t\u1ea5t c\u1ea3 t\u00ecnh y\u00eau th\u01b0\u01a1ng v\u00e0 s\u1ef1 t\u00f4n tr\u1ecdng.<\/p>\n<p><em><strong>T\u1eadn t\u00e2m<\/strong><\/em><\/p>\n<p>Nha s\u0129 ph\u1ea3i c\u00f3 tr\u00e1ch nhi\u1ec7m trong nh\u1eefng l\u1eddi h\u1ee9a v\u00e0 cam k\u1ebft \u0111\u1ed1i v\u1edbi Kh\u00e1ch h\u00e0ng.<\/p>\n<p><em><strong>Quy\u1ec1n \u0111\u01b0\u1ee3c bi\u1ebft<\/strong><\/em><\/p>\n<p>Kh\u00e1ch h\u00e0ng c\u00f3 quy\u1ec1n \u0111\u01b0\u1ee3c nh\u1eadn \u0111\u1ea7y \u0111\u1ee7 th\u00f4ng tin \u0111\u1ec3 \u0111i \u0111\u1ebfn quy\u1ebft \u0111\u1ecbnh c\u00f3 \u00fd th\u1ee9c v\u1ec1 c\u00e1ch \u0111i\u1ec1u tr\u1ecb \u0111\u00e3 \u0111\u01b0\u1ee3c Nha s\u0129 \u0111\u1ec1 xu\u1ea5t. Qua \u0111\u00f3, Kh\u00e1ch h\u00e0ng c\u00f3 quy\u1ec1n ch\u1ea5p nh\u1eadn hay t\u1eeb ch\u1ed1i \u0111\u1ec1 ngh\u1ecb c\u1ee7a Nha s\u0129 .[\/vc_column_text][vc_custom_heading text=&#8221;Nhi\u1ec7m v\u1ee5 c\u1ee7a ch\u00fang t\u00f4i:&#8221; use_theme_fonts=&#8221;yes&#8221;][vc_column_text]Nhi\u1ec7m v\u1ee5\u00a0c\u1ee7a ch\u00fang t\u00f4i l\u00e0 l\u00e0m cho Kh\u00e1ch h\u00e0ng c\u1ea3m th\u1ea5y nh\u01b0 \u1edf nh\u00e0. Ch\u00fang t\u00f4i \u0111\u1eb7t l\u1ee3i \u00edch c\u1ee7a Kh\u00e1ch h\u00e0ng l\u00ean tr\u00ean h\u1ebft, k\u1ebft h\u1ee3p v\u1edbi s\u1ef1 c\u1ed1 g\u1eafng, n\u1ed7 l\u1ef1c h\u1ebft s\u1ee9c m\u00ecnh c\u1ee7a Nha s\u0129 \u0111i\u1ec1u tr\u1ecb \u0111\u1ec3 \u0111\u1ea1t \u0111\u01b0\u1ee3c hi\u1ec7u qu\u1ea3 \u0111i\u1ec1u tr\u1ecb cao nh\u1ea5t v\u00e0 to\u00e0n di\u1ec7n nh\u1ea5t.<\/p>\n<p>M\u1ed1i quan t\u00e2m c\u1ee7a ch\u00fang t\u00f4i l\u00e0 m\u1ed7i kh\u00e1ch h\u00e0ng khi \u0111\u01b0\u1ee3c \u0111i\u1ec1u tr\u1ecb t\u1ea1i Lina Dental Clinic s\u1ebd c\u1ea3m th\u1ea5y tho\u1ea3i m\u00e1i v\u1ec1 kh\u00f4ng gian, v\u1ec1 th\u1eddi gian, v\u1ec1 nhu c\u1ea7u, v\u1ec1 ph\u01b0\u01a1ng ph\u00e1p \u0111i\u1ec1u tr\u1ecb, v\u1ec1 gi\u00e1 c\u1ea3 v\u00e0 \u0111\u1eb7c bi\u1ec7t v\u1ec1 c\u1ea3m gi\u00e1c nh\u01b0 \u0111ang \u0111\u01b0\u1ee3c m\u1ed9t ng\u01b0\u1eddi th\u00e2n th\u00edch gi\u00fap \u0111\u1ee1.<\/p>\n<p>Ch\u00fang t\u00f4i ph\u1ea5n \u0111\u1ea5u \u0111\u1ec3 \u0111\u1ea1t \u0111\u01b0\u1ee3c nh\u1eefng gi\u00e1 tr\u1ecb m\u00e0 Kh\u00e1ch h\u00e0ng y\u00eau c\u1ea7u, v\u00e0 t\u1ea5t nhi\u00ean ch\u00fang t\u00f4i c\u00f2n h\u01b0\u1edbng t\u1edbi m\u1ee5c ti\u00eau v\u01b0\u1ee3t h\u01a1n nh\u1eefng g\u00ec Kh\u00e1ch h\u00e0ng mong \u0111\u1ee3i trong k\u1ebft qu\u1ea3 \u0111i\u1ec1u tr\u1ecb.[\/vc_column_text][vc_custom_heading text=&#8221;Nha s\u0129 c\u1ee7a ch\u00fang t\u00f4i:&#8221; use_theme_fonts=&#8221;yes&#8221;][vc_column_text]<img loading=\"lazy\" decoding=\"async\" class=\"size-medium wp-image-1434 alignleft\" src=\"http:\/\/phuthanh585.com\/wp\/wp-content\/uploads\/2016\/12\/23414409949_97c8813fe6_o_1-200x300.jpg\" alt=\"\" width=\"200\" height=\"300\" srcset=\"https:\/\/linaclinic.com\/wp-content\/uploads\/2016\/12\/23414409949_97c8813fe6_o_1-200x300.jpg 200w, https:\/\/linaclinic.com\/wp-content\/uploads\/2016\/12\/23414409949_97c8813fe6_o_1-683x1024.jpg 683w, https:\/\/linaclinic.com\/wp-content\/uploads\/2016\/12\/23414409949_97c8813fe6_o_1.jpg 720w\" sizes=\"auto, (max-width: 200px) 100vw, 200px\" \/>Dr. Linh \u0110\u1ed7 sinh ra v\u00e0 l\u1edbn l\u00ean t\u1ea1i th\u00e0nh ph\u1ed1 Tambov &#8211; Li\u00ean Bang Nga. V\u1edbi kho\u1ea3ng th\u1eddi gian h\u01a1n\u00a025 n\u0103m sinh s\u1ed1ng t\u1ea1i Nga, c\u00f4 c\u00f3 th\u1ec3 s\u1eed d\u1ee5ng ti\u1ebfng Nga nh\u01b0 ti\u1ebfng m\u1eb9 \u0111\u1ebb v\u00e0 t\u00e1c phong l\u00e0m vi\u1ec7c chuy\u00ean nghi\u1ec7p, chu \u0111\u00e1o, c\u1ea9n th\u1eadn.<\/p>\n<p>Dr. Linh \u0110\u1ed7 t\u1ed1t nghi\u1ec7p &#8220;B\u00e1c s\u0129 Nha khoa&#8221; n\u0103m 2006 t\u1ea1i tr\u01b0\u1eddng <a href=\"http:\/\/www.sgmu.ru\/en\/\">\u0110\u1ea1i h\u1ecdc T\u1ed5ng h\u1ee3p Qu\u1ed1c Gia Saratov<\/a>, th\u00e0nh ph\u1ed1 Saratov &#8211; LB Nga v\u1edbi t\u1ea5m b\u1eb1ng lo\u1ea1i gi\u1ecfi.<\/p>\n<p>C\u00f9ng n\u0103m \u0111\u00f3, c\u00f4 ti\u1ebfp t\u1ee5c theo h\u1ecdc Th\u1ea1c s\u0129 Nha khoa chuy\u00ean ng\u00e0nh &#8220;\u0110i\u1ec1u tr\u1ecb n\u1ed9i nha&#8221; t\u1ea1i tr\u01b0\u1eddng <a href=\"http:\/\/mgmsu.testartwell.ru\">\u0110\u1ea1i h\u1ecdc T\u1ed5ng h\u1ee3p Qu\u1ed1c gia Y &#8211; Nha Moskva<\/a>, th\u00e0nh ph\u1ed1 Moskva &#8211; LB Nga v\u00e0 t\u1ed1t nghi\u1ec7p n\u0103m 2008.<\/p>\n<p>C\u00e1c ch\u1ee9ng ch\u1ec9 m\u00e0 c\u00f4 s\u1edf h\u1eefu:<\/p>\n<p>&nbsp;<\/p>\n<ul>\n<li><a href=\"https:\/\/drive.google.com\/file\/d\/1MLrHlT92CylsxgWtuWuYX4dTjUvIOwXP\/view?usp=share_link\">B\u1eb1ng t\u1ed1t nghi\u1ec7p \u0110\u1ea1i h\u1ecdc, chuy\u00ean ng\u00e0nh &#8220;B\u00e1c s\u0129 R\u0103ng-H\u00e0m-M\u1eb7t&#8221; do B\u1ed9 Y t\u1ebf LB Nga c\u1ea5p.<\/a><\/li>\n<li><a href=\"https:\/\/drive.google.com\/file\/d\/14tjq_q8RsR172Ii6lPea3Z3a9Pn_oHDA\/view?usp=share_link\">Ch\u1ee9ng ch\u1ec9 h\u00e0nh ngh\u1ec1 &#8220;B\u00e1c s\u0129 Nha khoa&#8221; do B\u1ed9 Y t\u1ebf LB Nga c\u1ea5p.<\/a><\/li>\n<li><a href=\"https:\/\/drive.google.com\/file\/d\/1WpqHP5J0jiKnbsNJrfBGaOVp2tJFLfov\/view?usp=share_link\">Ch\u1ee9ng ch\u1ec9 h\u00e0nh ngh\u1ec1 kh\u00e1m, ch\u1eefa b\u1ec7nh chuy\u00ean khoa R\u0103ng-H\u00e0m-M\u1eb7t do S\u1edf Y t\u1ebf th\u00e0nh ph\u1ed1 H\u1ed3 Ch\u00ed Minh c\u1ea5p.<\/a><\/li>\n<li><a href=\"https:\/\/drive.google.com\/file\/d\/1kE8VF1YZmYRTXfqmikGbFpCSuIVF0UT6\/view?usp=share_link\">Ch\u1ee9ng ch\u1ec9 \u0111\u00e0o t\u1ea1o li\u00ean t\u1ee5c &#8220;C\u1ea5y gh\u00e9p Nha khoa&#8221; (c\u1ea5y gh\u00e9p Implant) do B\u1ec7nh vi\u1ec7n R\u0103ng-H\u00e0m-M\u1eb7t Trung \u01af\u01a1ng th\u00e0nh ph\u1ed1 H\u1ed3 Ch\u00ed Minh c\u1ea5p.<\/a><\/li>\n<li>V\u00e0 nhi\u1ec1u ch\u1ee9ng ch\u1ec9 chuy\u00ean m\u00f4n kh\u00e1c.<\/li>\n<\/ul>\n<p>Trong qu\u00e1 tr\u00ecnh h\u1ecdc t\u1eadp v\u00e0 l\u00e0m vi\u1ec7c t\u1ea1i LB Nga, c\u00f4 \u0111\u00e3 c\u00f4ng t\u00e1c t\u1ea1i nhi\u1ec1u ph\u00f2ng kh\u00e1m nha khoa l\u1edbn t\u1ea1i th\u00e0nh ph\u1ed1 Tambov (b\u1ec7nh vi\u1ec7n th\u00e0nh ph\u1ed1 &#8211; n\u0103m 2010), t\u1ea1i Moskva (ph\u00f2ng kh\u00e1m nha khoa tr\u01b0\u1eddng \u0110\u1ea1i h\u1ecdc T\u1ed5ng h\u1ee3p Y &#8211; Nha Moskva &#8211; n\u0103m 2008; m\u1ea1ng l\u01b0\u1edbi ph\u00f2ng kh\u00e1m &#8220;Avanstom&#8221; &#8211; n\u0103m 2009; ph\u00f2ng kh\u00e1m &#8220;Vse Svoi&#8221; &#8211; n\u0103m 2009).<\/p>\n<p>Sau khi tr\u1edf v\u1ec1 Vi\u1ec7t Nam n\u0103m 2010. C\u00f4 ti\u1ebfp t\u1ee5c l\u00e0m vi\u1ec7c v\u00e0 c\u1ed9ng t\u00e1c t\u1ea1i nhi\u1ec1u ph\u00f2ng kh\u00e1m nha khoa uy t\u00edn \u1edf H\u00e0 N\u1ed9i v\u00e0 th\u00e0nh ph\u1ed1 H\u1ed3 Ch\u00ed Minh nh\u01b0: Nha khoa Global Care, Kim Hospital, Nha khoa O&#8217;Care, Nha khoa Starlight, Nha khoa 2000, Nha khoa \u0110\u00f4ng Nam&#8230;<\/p>\n<p>Tr\u1ea3i qua tr\u00ean 15 n\u0103m kinh nghi\u1ec7m l\u00e0m vi\u1ec7c v\u00e0 t\u00edch lu\u1ef9. Dr. Linh \u0110\u1ed7 t\u1ef1 tin v\u1edbi chuy\u00ean m\u00f4n v\u00e0 k\u1ef9 thu\u1eadt c\u1ee7a m\u00ecnh. C\u00f4 tin r\u1eb1ng, b\u1eb1ng nh\u1eefng ki\u1ebfn th\u1ee9c ti\u1ebfp thu \u0111\u01b0\u1ee3c trong qu\u00e1 tr\u00ecnh h\u1ecdc t\u1eadp, nghi\u00ean c\u1ee9u, k\u1ebft h\u1ee3p nh\u1eefng kinh nghi\u1ec7m qu\u00fd b\u00e1u trong qu\u00e1 tr\u00ecnh l\u00e0m vi\u1ec7c, c\u00f4 c\u00f3 th\u1ec3 gi\u00fap \u0111\u1ee1 c\u00e1c Kh\u00e1ch h\u00e0ng c\u1ee7a m\u00ecnh m\u1ed9t c\u00e1ch \u0111\u1ea7y \u0111\u1ee7, chuy\u00ean nghi\u1ec7p v\u00e0 to\u00e0n di\u1ec7n nh\u1ea5t.[\/vc_column_text][\/vc_column_inner][vc_column_inner width=&#8221;1\/6&#8243;][\/vc_column_inner][\/vc_row_inner][\/vc_column][\/vc_row][vc_row disable_element=&#8221;yes&#8221; css=&#8221;.vc_custom_1482823902863{margin-bottom: 80px !important;}&#8221;][vc_column width=&#8221;1\/4&#8243; offset=&#8221;vc_hidden-sm vc_hidden-xs&#8221;][stm_sidebar sidebar=&#8221;1443&#8243;][\/vc_column][\/vc_row][vc_row full_width=&#8221;stretch_row&#8221; css=&#8221;.vc_custom_1442990745769{margin-bottom: 0px !important;}&#8221; el_class=&#8221;base_background_color&#8221;][vc_column][vc_cta h2=&#8221;&#8221; h4=&#8221;B\u1ea1n \u0111ang mu\u1ed1n t\u00ecm hi\u1ec3u ch\u00fang t\u00f4i c\u00f3 nh\u1eefng d\u1ecbch v\u1ee5 g\u00ec?&#8221; shape=&#8221;square&#8221; style=&#8221;flat&#8221; color=&#8221;blue&#8221; add_button=&#8221;right&#8221; btn_title=&#8221;Click here&#8221; btn_style=&#8221;flat&#8221; btn_shape=&#8221;round&#8221; btn_color=&#8221;white&#8221; btn_link=&#8221;url:http%3A%2F%2Flinaclinic.com%2Fdich-vu%2F|||&#8221;][\/vc_cta][\/vc_column][\/vc_row]<\/p>\n","protected":false},"excerpt":{"rendered":"<p>[vc_row css=&#8221;.vc_custom_1441619155187{margin-bottom: 50px !important;}&#8221;][vc_column][rev_slider_vc alias=&#8221;gioi-thieu&#8221;][vc_row_inner][vc_column_inner width=&#8221;5\/6&#8243;][vc_custom_heading text=&#8221;V\u1ec1 ch\u00fang t\u00f4i&#8230;&#8221; use_theme_fonts=&#8221;yes&#8221;][vc_column_text] \u0110\u01b0\u1ee3c th\u00e0nh l\u1eadp n\u0103m 2017, v\u1edbi m\u00f4 h\u00ecnh ph\u00f2ng kh\u00e1m Nha khoa nh\u1ecf, quy m\u00f4 v\u1eeba ph\u1ea3i. Ch\u00fang t\u00f4i mu\u1ed1n t\u1ea1o ra s\u1ef1\u00a0kh\u00e1c bi\u1ec7t b\u1eb1ng kh\u00f4ng gian ph\u00f2ng kh\u00e1m \u1ea5m c\u00fang, s\u1ef1 ph\u1ee5c v\u1ee5 chu \u0111\u00e1o, s\u1ef1 l\u1eafng nghe &#8211; th\u1ea5u hi\u1ec3u v\u00e0 s\u1ef1 t\u1eadn&#8230;<\/p>\n","protected":false},"author":1,"featured_media":0,"parent":0,"menu_order":0,"comment_status":"closed","ping_status":"closed","template":"","meta":{"footnotes":""},"class_list":["post-1317","page","type-page","status-publish","hentry"],"yoast_head":"<!-- This site is optimized with the Yoast SEO plugin v27.3 - https:\/\/yoast.com\/product\/yoast-seo-wordpress\/ -->\n<title>Gi\u1edbi thi\u1ec7u - Lina Dental Clinic<\/title>\n<meta name=\"robots\" content=\"index, follow, max-snippet:-1, max-image-preview:large, max-video-preview:-1\" \/>\n<link rel=\"canonical\" href=\"https:\/\/linaclinic.com\/vi\/gioi-thieu\/\" \/>\n<meta property=\"og:locale\" content=\"en_US\" \/>\n<meta property=\"og:type\" content=\"article\" \/>\n<meta property=\"og:title\" content=\"Gi\u1edbi thi\u1ec7u - Lina Dental Clinic\" \/>\n<meta property=\"og:description\" content=\"[vc_row css=&#8221;.vc_custom_1441619155187{margin-bottom: 50px !important;}&#8221;][vc_column][rev_slider_vc alias=&#8221;gioi-thieu&#8221;][vc_row_inner][vc_column_inner width=&#8221;5\/6&#8243;][vc_custom_heading text=&#8221;V\u1ec1 ch\u00fang t\u00f4i&#8230;&#8221; use_theme_fonts=&#8221;yes&#8221;][vc_column_text] \u0110\u01b0\u1ee3c th\u00e0nh l\u1eadp n\u0103m 2017, v\u1edbi m\u00f4 h\u00ecnh ph\u00f2ng kh\u00e1m Nha khoa nh\u1ecf, quy m\u00f4 v\u1eeba ph\u1ea3i. Ch\u00fang t\u00f4i mu\u1ed1n t\u1ea1o ra s\u1ef1\u00a0kh\u00e1c bi\u1ec7t b\u1eb1ng kh\u00f4ng gian ph\u00f2ng kh\u00e1m \u1ea5m c\u00fang, s\u1ef1 ph\u1ee5c v\u1ee5 chu \u0111\u00e1o, s\u1ef1 l\u1eafng nghe &#8211; th\u1ea5u hi\u1ec3u v\u00e0 s\u1ef1 t\u1eadn...\" \/>\n<meta property=\"og:url\" content=\"https:\/\/linaclinic.com\/vi\/gioi-thieu\/\" \/>\n<meta property=\"og:site_name\" content=\"Lina Dental Clinic\" \/>\n<meta property=\"article:modified_time\" content=\"2025-09-22T04:34:04+00:00\" \/>\n<meta property=\"og:image\" content=\"http:\/\/phuthanh585.com\/wp\/wp-content\/uploads\/2016\/12\/23414409949_97c8813fe6_o_1-200x300.jpg\" \/>\n<meta name=\"twitter:card\" content=\"summary_large_image\" \/>\n<meta name=\"twitter:label1\" content=\"Est. reading time\" \/>\n\t<meta name=\"twitter:data1\" content=\"10 minutes\" \/>\n<script type=\"application\/ld+json\" class=\"yoast-schema-graph\">{\"@context\":\"https:\\\/\\\/schema.org\",\"@graph\":[{\"@type\":\"WebPage\",\"@id\":\"https:\\\/\\\/linaclinic.com\\\/vi\\\/gioi-thieu\\\/\",\"url\":\"https:\\\/\\\/linaclinic.com\\\/vi\\\/gioi-thieu\\\/\",\"name\":\"Gi\u1edbi thi\u1ec7u - Lina Dental Clinic\",\"isPartOf\":{\"@id\":\"https:\\\/\\\/linaclinic.com\\\/#website\"},\"primaryImageOfPage\":{\"@id\":\"https:\\\/\\\/linaclinic.com\\\/vi\\\/gioi-thieu\\\/#primaryimage\"},\"image\":{\"@id\":\"https:\\\/\\\/linaclinic.com\\\/vi\\\/gioi-thieu\\\/#primaryimage\"},\"thumbnailUrl\":\"http:\\\/\\\/phuthanh585.com\\\/wp\\\/wp-content\\\/uploads\\\/2016\\\/12\\\/23414409949_97c8813fe6_o_1-200x300.jpg\",\"datePublished\":\"2016-12-09T03:46:55+00:00\",\"dateModified\":\"2025-09-22T04:34:04+00:00\",\"breadcrumb\":{\"@id\":\"https:\\\/\\\/linaclinic.com\\\/vi\\\/gioi-thieu\\\/#breadcrumb\"},\"inLanguage\":\"vi-VI\",\"potentialAction\":[{\"@type\":\"ReadAction\",\"target\":[\"https:\\\/\\\/linaclinic.com\\\/vi\\\/gioi-thieu\\\/\"]}]},{\"@type\":\"ImageObject\",\"inLanguage\":\"vi-VI\",\"@id\":\"https:\\\/\\\/linaclinic.com\\\/vi\\\/gioi-thieu\\\/#primaryimage\",\"url\":\"http:\\\/\\\/phuthanh585.com\\\/wp\\\/wp-content\\\/uploads\\\/2016\\\/12\\\/23414409949_97c8813fe6_o_1-200x300.jpg\",\"contentUrl\":\"http:\\\/\\\/phuthanh585.com\\\/wp\\\/wp-content\\\/uploads\\\/2016\\\/12\\\/23414409949_97c8813fe6_o_1-200x300.jpg\"},{\"@type\":\"BreadcrumbList\",\"@id\":\"https:\\\/\\\/linaclinic.com\\\/vi\\\/gioi-thieu\\\/#breadcrumb\",\"itemListElement\":[{\"@type\":\"ListItem\",\"position\":1,\"name\":\"Home\",\"item\":\"https:\\\/\\\/www.linaclinic.com\\\/vi\\\/\"},{\"@type\":\"ListItem\",\"position\":2,\"name\":\"Gi\u1edbi thi\u1ec7u\"}]},{\"@type\":\"WebSite\",\"@id\":\"https:\\\/\\\/linaclinic.com\\\/#website\",\"url\":\"https:\\\/\\\/linaclinic.com\\\/\",\"name\":\"Lina Dental Clinic\",\"description\":\"Happy Smile - Happy Life\",\"publisher\":{\"@id\":\"https:\\\/\\\/linaclinic.com\\\/#\\\/schema\\\/person\\\/dfb96d52c6d4736275683ee4dc8ca598\"},\"potentialAction\":[{\"@type\":\"SearchAction\",\"target\":{\"@type\":\"EntryPoint\",\"urlTemplate\":\"https:\\\/\\\/linaclinic.com\\\/?s={search_term_string}\"},\"query-input\":{\"@type\":\"PropertyValueSpecification\",\"valueRequired\":true,\"valueName\":\"search_term_string\"}}],\"inLanguage\":\"vi-VI\"},{\"@type\":[\"Person\",\"Organization\"],\"@id\":\"https:\\\/\\\/linaclinic.com\\\/#\\\/schema\\\/person\\\/dfb96d52c6d4736275683ee4dc8ca598\",\"name\":\"lina\",\"image\":{\"@type\":\"ImageObject\",\"inLanguage\":\"vi-VI\",\"@id\":\"https:\\\/\\\/linaclinic.com\\\/wp-content\\\/uploads\\\/2018\\\/02\\\/Avatar.png\",\"url\":\"https:\\\/\\\/linaclinic.com\\\/wp-content\\\/uploads\\\/2018\\\/02\\\/Avatar.png\",\"contentUrl\":\"https:\\\/\\\/linaclinic.com\\\/wp-content\\\/uploads\\\/2018\\\/02\\\/Avatar.png\",\"width\":688,\"height\":607,\"caption\":\"lina\"},\"logo\":{\"@id\":\"https:\\\/\\\/linaclinic.com\\\/wp-content\\\/uploads\\\/2018\\\/02\\\/Avatar.png\"}}]}<\/script>\n<!-- \/ Yoast SEO plugin. -->","yoast_head_json":{"title":"Gi\u1edbi thi\u1ec7u - Lina Dental Clinic","robots":{"index":"index","follow":"follow","max-snippet":"max-snippet:-1","max-image-preview":"max-image-preview:large","max-video-preview":"max-video-preview:-1"},"canonical":"https:\/\/linaclinic.com\/vi\/gioi-thieu\/","og_locale":"en_US","og_type":"article","og_title":"Gi\u1edbi thi\u1ec7u - Lina Dental Clinic","og_description":"[vc_row css=&#8221;.vc_custom_1441619155187{margin-bottom: 50px !important;}&#8221;][vc_column][rev_slider_vc alias=&#8221;gioi-thieu&#8221;][vc_row_inner][vc_column_inner width=&#8221;5\/6&#8243;][vc_custom_heading text=&#8221;V\u1ec1 ch\u00fang t\u00f4i&#8230;&#8221; use_theme_fonts=&#8221;yes&#8221;][vc_column_text] \u0110\u01b0\u1ee3c th\u00e0nh l\u1eadp n\u0103m 2017, v\u1edbi m\u00f4 h\u00ecnh ph\u00f2ng kh\u00e1m Nha khoa nh\u1ecf, quy m\u00f4 v\u1eeba ph\u1ea3i. Ch\u00fang t\u00f4i mu\u1ed1n t\u1ea1o ra s\u1ef1\u00a0kh\u00e1c bi\u1ec7t b\u1eb1ng kh\u00f4ng gian ph\u00f2ng kh\u00e1m \u1ea5m c\u00fang, s\u1ef1 ph\u1ee5c v\u1ee5 chu \u0111\u00e1o, s\u1ef1 l\u1eafng nghe &#8211; th\u1ea5u hi\u1ec3u v\u00e0 s\u1ef1 t\u1eadn...","og_url":"https:\/\/linaclinic.com\/vi\/gioi-thieu\/","og_site_name":"Lina Dental Clinic","article_modified_time":"2025-09-22T04:34:04+00:00","og_image":[{"url":"http:\/\/phuthanh585.com\/wp\/wp-content\/uploads\/2016\/12\/23414409949_97c8813fe6_o_1-200x300.jpg","type":"","width":"","height":""}],"twitter_card":"summary_large_image","twitter_misc":{"Est. reading time":"10 minutes"},"schema":{"@context":"https:\/\/schema.org","@graph":[{"@type":"WebPage","@id":"https:\/\/linaclinic.com\/vi\/gioi-thieu\/","url":"https:\/\/linaclinic.com\/vi\/gioi-thieu\/","name":"Gi\u1edbi thi\u1ec7u - Lina Dental Clinic","isPartOf":{"@id":"https:\/\/linaclinic.com\/#website"},"primaryImageOfPage":{"@id":"https:\/\/linaclinic.com\/vi\/gioi-thieu\/#primaryimage"},"image":{"@id":"https:\/\/linaclinic.com\/vi\/gioi-thieu\/#primaryimage"},"thumbnailUrl":"http:\/\/phuthanh585.com\/wp\/wp-content\/uploads\/2016\/12\/23414409949_97c8813fe6_o_1-200x300.jpg","datePublished":"2016-12-09T03:46:55+00:00","dateModified":"2025-09-22T04:34:04+00:00","breadcrumb":{"@id":"https:\/\/linaclinic.com\/vi\/gioi-thieu\/#breadcrumb"},"inLanguage":"vi-VI","potentialAction":[{"@type":"ReadAction","target":["https:\/\/linaclinic.com\/vi\/gioi-thieu\/"]}]},{"@type":"ImageObject","inLanguage":"vi-VI","@id":"https:\/\/linaclinic.com\/vi\/gioi-thieu\/#primaryimage","url":"http:\/\/phuthanh585.com\/wp\/wp-content\/uploads\/2016\/12\/23414409949_97c8813fe6_o_1-200x300.jpg","contentUrl":"http:\/\/phuthanh585.com\/wp\/wp-content\/uploads\/2016\/12\/23414409949_97c8813fe6_o_1-200x300.jpg"},{"@type":"BreadcrumbList","@id":"https:\/\/linaclinic.com\/vi\/gioi-thieu\/#breadcrumb","itemListElement":[{"@type":"ListItem","position":1,"name":"Home","item":"https:\/\/www.linaclinic.com\/vi\/"},{"@type":"ListItem","position":2,"name":"Gi\u1edbi thi\u1ec7u"}]},{"@type":"WebSite","@id":"https:\/\/linaclinic.com\/#website","url":"https:\/\/linaclinic.com\/","name":"Lina Dental Clinic","description":"Happy Smile - Happy Life","publisher":{"@id":"https:\/\/linaclinic.com\/#\/schema\/person\/dfb96d52c6d4736275683ee4dc8ca598"},"potentialAction":[{"@type":"SearchAction","target":{"@type":"EntryPoint","urlTemplate":"https:\/\/linaclinic.com\/?s={search_term_string}"},"query-input":{"@type":"PropertyValueSpecification","valueRequired":true,"valueName":"search_term_string"}}],"inLanguage":"vi-VI"},{"@type":["Person","Organization"],"@id":"https:\/\/linaclinic.com\/#\/schema\/person\/dfb96d52c6d4736275683ee4dc8ca598","name":"lina","image":{"@type":"ImageObject","inLanguage":"vi-VI","@id":"https:\/\/linaclinic.com\/wp-content\/uploads\/2018\/02\/Avatar.png","url":"https:\/\/linaclinic.com\/wp-content\/uploads\/2018\/02\/Avatar.png","contentUrl":"https:\/\/linaclinic.com\/wp-content\/uploads\/2018\/02\/Avatar.png","width":688,"height":607,"caption":"lina"},"logo":{"@id":"https:\/\/linaclinic.com\/wp-content\/uploads\/2018\/02\/Avatar.png"}}]}},"_links":{"self":[{"href":"https:\/\/linaclinic.com\/vi\/wp-json\/wp\/v2\/pages\/1317","targetHints":{"allow":["GET"]}}],"collection":[{"href":"https:\/\/linaclinic.com\/vi\/wp-json\/wp\/v2\/pages"}],"about":[{"href":"https:\/\/linaclinic.com\/vi\/wp-json\/wp\/v2\/types\/page"}],"author":[{"embeddable":true,"href":"https:\/\/linaclinic.com\/vi\/wp-json\/wp\/v2\/users\/1"}],"replies":[{"embeddable":true,"href":"https:\/\/linaclinic.com\/vi\/wp-json\/wp\/v2\/comments?post=1317"}],"version-history":[{"count":24,"href":"https:\/\/linaclinic.com\/vi\/wp-json\/wp\/v2\/pages\/1317\/revisions"}],"predecessor-version":[{"id":7128,"href":"https:\/\/linaclinic.com\/vi\/wp-json\/wp\/v2\/pages\/1317\/revisions\/7128"}],"wp:attachment":[{"href":"https:\/\/linaclinic.com\/vi\/wp-json\/wp\/v2\/media?parent=1317"}],"curies":[{"name":"wp","href":"https:\/\/api.w.org\/{rel}","templated":true}]}}